{"id":130,"date":"2022-11-22T10:06:51","date_gmt":"2022-11-22T13:06:51","guid":{"rendered":"https:\/\/viacaoitauna.com.br\/?page_id=130"},"modified":"2025-09-18T15:21:04","modified_gmt":"2025-09-18T18:21:04","slug":"itauna-pinheiros","status":"publish","type":"page","link":"https:\/\/viacaoitauna.com.br\/?page_id=130","title":{"rendered":"Ita\u00fana &#8211; Pinheiros"},"content":{"rendered":"<section class=\"l-section wpb_row height_medium\"><div class=\"l-section-overlay\" style=\"background:#2b3390\"><\/div><div class=\"l-section-h i-cf\"><div class=\"g-cols via_grid cols_1 laptops-cols_inherit tablets-cols_inherit mobiles-cols_1 valign_top type_default\"><div class=\"wpb_column vc_column_container\"><div class=\"vc_column-inner\"><div class=\"g-cols wpb_row us_custom_5c813148 via_grid cols_1 laptops-cols_inherit tablets-cols_inherit mobiles-cols_1 valign_middle type_default\"><div class=\"wpb_column vc_column_container\"><div class=\"vc_column-inner\"><div class=\"wpb_text_column\"><div class=\"wpb_wrapper\"><h3 style=\"text-align: center;\">ITA\u00daNA \/ PINHEIROS<\/h3>\n<\/div><\/div><\/div><\/div><\/div><div class=\"g-cols wpb_row us_custom_126d5686 via_grid cols_1 laptops-cols_inherit tablets-cols_inherit mobiles-cols_1 valign_top type_default has_text_color\"><div class=\"wpb_column vc_column_container\"><div class=\"vc_column-inner\"><div class=\"w-separator size_small\"><\/div><div class=\"wpb_text_column\"><div class=\"wpb_wrapper\"><h4 style=\"text-align: center;\"><strong>Segunda \u00e0 Sexta-feira<\/strong><\/h4>\n<p style=\"text-align: center;\">05:50<br \/>\n06:45<br \/>\n07:25<br \/>\n08:40<br \/>\n10:00<br \/>\n12:20<\/p>\n<p style=\"text-align: center;\">14:10<br \/>\n15:00<br \/>\n16:00<br \/>\n16:55<br \/>\n19:00<\/p>\n<\/div><\/div><div class=\"w-separator size_small\"><\/div><div class=\"wpb_text_column\"><div class=\"wpb_wrapper\"><h4 style=\"text-align: center;\"><strong>S\u00e1bado<\/strong><\/h4>\n<p style=\"text-align: center;\">06:30<br \/>\n08:30<br \/>\n12:30<br \/>\n15:20<\/p>\n<p style=\"text-align: center;\">18:20<\/p>\n<\/div><\/div><div class=\"w-separator size_small\"><\/div><div class=\"wpb_text_column\"><div class=\"wpb_wrapper\"><h4 style=\"text-align: center;\"><strong>Domingo<\/strong><\/h4>\n<p style=\"text-align: center;\">10:30<br \/>\n14:30<br \/>\n18:00<\/p>\n<\/div><\/div><\/div><\/div><\/div><\/div><\/div><\/div><\/div><\/section><section class=\"l-section wpb_row height_medium\"><div class=\"l-section-overlay\" style=\"background:#2b3390\"><\/div><div class=\"l-section-h i-cf\"><div class=\"g-cols via_grid cols_1 laptops-cols_inherit tablets-cols_inherit mobiles-cols_1 valign_top type_default\"><div class=\"wpb_column vc_column_container\"><div class=\"vc_column-inner\"><div class=\"g-cols wpb_row us_custom_b2afa926 via_grid cols_1 laptops-cols_inherit tablets-cols_inherit mobiles-cols_1 valign_middle type_default\"><div class=\"wpb_column vc_column_container\"><div class=\"vc_column-inner\"><div class=\"wpb_text_column\"><div class=\"wpb_wrapper\"><h3 style=\"text-align: center;\">PINHEIROS \/ ITA\u00daNA<\/h3>\n<\/div><\/div><\/div><\/div><\/div><div class=\"g-cols wpb_row us_custom_126d5686 via_grid cols_1 laptops-cols_inherit tablets-cols_inherit mobiles-cols_1 valign_top type_default has_text_color\"><div class=\"wpb_column vc_column_container\"><div class=\"vc_column-inner\"><div class=\"w-separator size_small\"><\/div><div class=\"wpb_text_column\"><div class=\"wpb_wrapper\"><h4 style=\"text-align: center;\"><strong>Segunda \u00e0 Sexta-feira<\/strong><\/h4>\n<p style=\"text-align: center;\">05:35<br \/>\n06:50<br \/>\n07:45<br \/>\n08:40<br \/>\n10:00<br \/>\n11:30<\/p>\n<p style=\"text-align: center;\">13:50<br \/>\n15:30<br \/>\n16:40<br \/>\n17:30<br \/>\n19:00<\/p>\n<\/div><\/div><div class=\"w-separator size_small\"><\/div><div class=\"wpb_text_column\"><div class=\"wpb_wrapper\"><h4 style=\"text-align: center;\"><strong>S\u00e1bado<\/strong><\/h4>\n<p style=\"text-align: center;\">07:00<br \/>\n08:00<br \/>\n10:00<br \/>\n13:50<\/p>\n<p style=\"text-align: center;\">17:00<\/p>\n<\/div><\/div><div class=\"w-separator size_small\"><\/div><div class=\"wpb_text_column\"><div class=\"wpb_wrapper\"><h4 style=\"text-align: center;\"><strong>Domingo<\/strong><\/h4>\n<p style=\"text-align: center;\">08:40<br \/>\n13:00<br \/>\n16:00<\/p>\n<\/div><\/div><\/div><\/div><\/div><\/div><\/div><\/div><\/div><\/section>\n","protected":false},"excerpt":{"rendered":"ITA\u00daNA \/ PINHEIROS Segunda \u00e0 Sexta-feira 05:50 06:45 07:25 08:40 10:00 12:20 14:10 15:00 16:00 16:55 19:00 S\u00e1bado 06:30 08:30 12:30 15:20 18:20 Domingo 10:30 14:30 18:00 PINHEIROS \/ ITA\u00daNA Segunda \u00e0 Sexta-feira 05:35 06:50 07:45 08:40 10:00 11:30 13:50 15:30 16:40 17:30 19:00 S\u00e1bado 07:00 08:00 10:00 13:50 17:00 Domingo 08:40 13:00 16:00","protected":false},"author":1,"featured_media":0,"parent":0,"menu_order":0,"comment_status":"closed","ping_status":"closed","template":"","meta":{"_joinchat":[],"footnotes":""},"class_list":["post-130","page","type-page","status-publish","hentry"],"_links":{"self":[{"href":"https:\/\/viacaoitauna.com.br\/index.php?rest_route=\/wp\/v2\/pages\/130","targetHints":{"allow":["GET"]}}],"collection":[{"href":"https:\/\/viacaoitauna.com.br\/index.php?rest_route=\/wp\/v2\/pages"}],"about":[{"href":"https:\/\/viacaoitauna.com.br\/index.php?rest_route=\/wp\/v2\/types\/page"}],"author":[{"embeddable":true,"href":"https:\/\/viacaoitauna.com.br\/index.php?rest_route=\/wp\/v2\/users\/1"}],"replies":[{"embeddable":true,"href":"https:\/\/viacaoitauna.com.br\/index.php?rest_route=%2Fwp%2Fv2%2Fcomments&post=130"}],"version-history":[{"count":10,"href":"https:\/\/viacaoitauna.com.br\/index.php?rest_route=\/wp\/v2\/pages\/130\/revisions"}],"predecessor-version":[{"id":303,"href":"https:\/\/viacaoitauna.com.br\/index.php?rest_route=\/wp\/v2\/pages\/130\/revisions\/303"}],"wp:attachment":[{"href":"https:\/\/viacaoitauna.com.br\/index.php?rest_route=%2Fwp%2Fv2%2Fmedia&parent=130"}],"curies":[{"name":"wp","href":"https:\/\/api.w.org\/{rel}","templated":true}]}}