{"id":132,"date":"2022-11-22T21:13:47","date_gmt":"2022-11-23T00:13:47","guid":{"rendered":"https:\/\/viacaoitauna.com.br\/?page_id=132"},"modified":"2025-09-18T15:08:10","modified_gmt":"2025-09-18T18:08:10","slug":"itauna-carmo-do-cajuru","status":"publish","type":"page","link":"https:\/\/viacaoitauna.com.br\/?page_id=132","title":{"rendered":"Ita\u00fana &#8211; Carmo do Cajuru"},"content":{"rendered":"<section class=\"l-section wpb_row us_custom_bdc19d7a height_medium\"><div class=\"l-section-h i-cf\"><div class=\"g-cols via_grid cols_1 laptops-cols_inherit tablets-cols_inherit mobiles-cols_1 valign_top type_default\"><div class=\"wpb_column vc_column_container\"><div class=\"vc_column-inner\"><div class=\"g-cols wpb_row us_custom_5c813148 via_grid cols_1 laptops-cols_inherit tablets-cols_inherit mobiles-cols_1 valign_middle type_default\"><div class=\"wpb_column vc_column_container\"><div class=\"vc_column-inner\"><div class=\"wpb_text_column\"><div class=\"wpb_wrapper\"><h3 style=\"text-align: center;\">ITA\u00daNA \/ CARMO DO CAJURU<\/h3>\n<\/div><\/div><\/div><\/div><\/div><div class=\"g-cols wpb_row us_custom_126d5686 via_grid cols_1 laptops-cols_inherit tablets-cols_inherit mobiles-cols_1 valign_top type_default has_text_color\"><div class=\"wpb_column vc_column_container\"><div class=\"vc_column-inner\"><div class=\"w-separator size_small\"><\/div><div class=\"wpb_text_column\"><div class=\"wpb_wrapper\"><h4 style=\"text-align: center;\"><strong>Segunda \u00e0 Sexta-feira<\/strong><\/h4>\n<p style=\"text-align: center;\">11:30<br \/>\n17:00<\/p>\n<\/div><\/div><div class=\"w-separator size_small\"><\/div><div class=\"wpb_text_column\"><div class=\"wpb_wrapper\"><h4 style=\"text-align: center;\"><strong>S\u00e1bado<\/strong><\/h4>\n<p style=\"text-align: center;\">17:00<\/p>\n<\/div><\/div><div class=\"w-separator size_small\"><\/div><div class=\"wpb_text_column\"><div class=\"wpb_wrapper\"><h4 style=\"text-align: center;\"><strong>Domingo<\/strong><\/h4>\n<p style=\"text-align: center;\">17:15<\/p>\n<\/div><\/div><\/div><\/div><\/div><\/div><\/div><\/div><\/div><\/section><section class=\"l-section wpb_row us_custom_bdc19d7a height_medium\"><div class=\"l-section-h i-cf\"><div class=\"g-cols via_grid cols_1 laptops-cols_inherit tablets-cols_inherit mobiles-cols_1 valign_top type_default\"><div class=\"wpb_column vc_column_container\"><div class=\"vc_column-inner\"><div class=\"g-cols wpb_row us_custom_5c813148 via_grid cols_1 laptops-cols_inherit tablets-cols_inherit mobiles-cols_1 valign_middle type_default\"><div class=\"wpb_column vc_column_container\"><div class=\"vc_column-inner\"><div class=\"wpb_text_column\"><div class=\"wpb_wrapper\"><h3 style=\"text-align: center;\">CARMO DO CAJURU \/ ITA\u00daNA<\/h3>\n<\/div><\/div><\/div><\/div><\/div><div class=\"g-cols wpb_row us_custom_126d5686 via_grid cols_1 laptops-cols_inherit tablets-cols_inherit mobiles-cols_1 valign_top type_default has_text_color\"><div class=\"wpb_column vc_column_container\"><div class=\"vc_column-inner\"><div class=\"w-separator size_small\"><\/div><div class=\"wpb_text_column\"><div class=\"wpb_wrapper\"><h4 style=\"text-align: center;\"><strong>Segunda \u00e0 Sexta-feira<\/strong><\/h4>\n<p style=\"text-align: center;\">05:20<br \/>\n14:15<\/p>\n<\/div><\/div><div class=\"w-separator size_small\"><\/div><div class=\"wpb_text_column\"><div class=\"wpb_wrapper\"><h4 style=\"text-align: center;\"><strong>S\u00e1bado<\/strong><\/h4>\n<p style=\"text-align: center;\">05:20<\/p>\n<\/div><\/div><div class=\"w-separator size_small\"><\/div><div class=\"wpb_text_column\"><div class=\"wpb_wrapper\"><h4 style=\"text-align: center;\"><strong>Domingo<\/strong><\/h4>\n<p style=\"text-align: center;\">08:30<\/p>\n<\/div><\/div><\/div><\/div><\/div><\/div><\/div><\/div><\/div><\/section>\n","protected":false},"excerpt":{"rendered":"ITA\u00daNA \/ CARMO DO CAJURU Segunda \u00e0 Sexta-feira 11:30 17:00 S\u00e1bado 17:00 Domingo 17:15 CARMO DO CAJURU \/ ITA\u00daNA Segunda \u00e0 Sexta-feira 05:20 14:15 S\u00e1bado 05:20 Domingo 08:30","protected":false},"author":1,"featured_media":0,"parent":0,"menu_order":0,"comment_status":"closed","ping_status":"closed","template":"","meta":{"_joinchat":[],"footnotes":""},"class_list":["post-132","page","type-page","status-publish","hentry"],"_links":{"self":[{"href":"https:\/\/viacaoitauna.com.br\/index.php?rest_route=\/wp\/v2\/pages\/132","targetHints":{"allow":["GET"]}}],"collection":[{"href":"https:\/\/viacaoitauna.com.br\/index.php?rest_route=\/wp\/v2\/pages"}],"about":[{"href":"https:\/\/viacaoitauna.com.br\/index.php?rest_route=\/wp\/v2\/types\/page"}],"author":[{"embeddable":true,"href":"https:\/\/viacaoitauna.com.br\/index.php?rest_route=\/wp\/v2\/users\/1"}],"replies":[{"embeddable":true,"href":"https:\/\/viacaoitauna.com.br\/index.php?rest_route=%2Fwp%2Fv2%2Fcomments&post=132"}],"version-history":[{"count":8,"href":"https:\/\/viacaoitauna.com.br\/index.php?rest_route=\/wp\/v2\/pages\/132\/revisions"}],"predecessor-version":[{"id":298,"href":"https:\/\/viacaoitauna.com.br\/index.php?rest_route=\/wp\/v2\/pages\/132\/revisions\/298"}],"wp:attachment":[{"href":"https:\/\/viacaoitauna.com.br\/index.php?rest_route=%2Fwp%2Fv2%2Fmedia&parent=132"}],"curies":[{"name":"wp","href":"https:\/\/api.w.org\/{rel}","templated":true}]}}