{"id":135,"date":"2022-11-22T21:18:29","date_gmt":"2022-11-23T00:18:29","guid":{"rendered":"https:\/\/viacaoitauna.com.br\/?page_id=135"},"modified":"2025-09-18T15:14:51","modified_gmt":"2025-09-18T18:14:51","slug":"itauna-juatuba","status":"publish","type":"page","link":"https:\/\/viacaoitauna.com.br\/?page_id=135","title":{"rendered":"Ita\u00fana &#8211; Juatuba"},"content":{"rendered":"<section class=\"l-section wpb_row height_medium\"><div class=\"l-section-overlay\" style=\"background:#2b3390\"><\/div><div class=\"l-section-h i-cf\"><div class=\"g-cols via_grid cols_1 laptops-cols_inherit tablets-cols_inherit mobiles-cols_1 valign_top type_default\"><div class=\"wpb_column vc_column_container\"><div class=\"vc_column-inner\"><div class=\"g-cols wpb_row us_custom_5c813148 via_grid cols_1 laptops-cols_inherit tablets-cols_inherit mobiles-cols_1 valign_middle type_default\"><div class=\"wpb_column vc_column_container\"><div class=\"vc_column-inner\"><div class=\"wpb_text_column\"><div class=\"wpb_wrapper\"><h3 style=\"text-align: center;\">ITA\u00daNA \/ JUATUBA<\/h3>\n<\/div><\/div><\/div><\/div><\/div><div class=\"g-cols wpb_row us_custom_126d5686 via_grid cols_1 laptops-cols_inherit tablets-cols_inherit mobiles-cols_1 valign_top type_default has_text_color\"><div class=\"wpb_column vc_column_container\"><div class=\"vc_column-inner\"><div class=\"w-separator size_small\"><\/div><div class=\"wpb_text_column\"><div class=\"wpb_wrapper\"><h4 style=\"text-align: center;\"><strong>Segunda \u00e0 Sexta-feira<\/strong><\/h4>\n<p style=\"text-align: center;\">06:05<br \/>\n07:05<br \/>\n11:50<\/p>\n<p style=\"text-align: center;\">12:05<br \/>\n13:05<\/p>\n<p style=\"text-align: center;\">14:05<br \/>\n16:05<br \/>\n17:20<br \/>\n17:50<\/p>\n<\/div><\/div><div class=\"w-separator size_small\"><\/div><div class=\"wpb_text_column\"><div class=\"wpb_wrapper\"><h4 style=\"text-align: center;\"><strong>S\u00e1bado<\/strong><\/h4>\n<p style=\"text-align: center;\">&#8211;<\/p>\n<\/div><\/div><div class=\"w-separator size_small\"><\/div><div class=\"wpb_text_column\"><div class=\"wpb_wrapper\"><h4 style=\"text-align: center;\"><strong>Domingo<\/strong><\/h4>\n<p style=\"text-align: center;\">&#8211;<\/p>\n<\/div><\/div><\/div><\/div><\/div><\/div><\/div><\/div><\/div><\/section><section class=\"l-section wpb_row height_medium\"><div class=\"l-section-overlay\" style=\"background:#2b3390\"><\/div><div class=\"l-section-h i-cf\"><div class=\"g-cols via_grid cols_1 laptops-cols_inherit tablets-cols_inherit mobiles-cols_1 valign_top type_default\"><div class=\"wpb_column vc_column_container\"><div class=\"vc_column-inner\"><div class=\"g-cols wpb_row us_custom_5c813148 via_grid cols_1 laptops-cols_inherit tablets-cols_inherit mobiles-cols_1 valign_middle type_default\"><div class=\"wpb_column vc_column_container\"><div class=\"vc_column-inner\"><div class=\"wpb_text_column\"><div class=\"wpb_wrapper\"><h3 style=\"text-align: center;\">JUATUBA \/ ITA\u00daNA<\/h3>\n<\/div><\/div><\/div><\/div><\/div><div class=\"g-cols wpb_row us_custom_126d5686 via_grid cols_1 laptops-cols_inherit tablets-cols_inherit mobiles-cols_1 valign_top type_default has_text_color\"><div class=\"wpb_column vc_column_container\"><div class=\"vc_column-inner\"><div class=\"w-separator size_small\"><\/div><div class=\"wpb_text_column\"><div class=\"wpb_wrapper\"><h4 style=\"text-align: center;\"><strong>Segunda \u00e0 Sexta-feira<\/strong><\/h4>\n<p style=\"text-align: center;\">06:00<br \/>\n07:20 saindo de Boa Vista<br \/>\n11:05<br \/>\n11:25<\/p>\n<p style=\"text-align: center;\">13:05<\/p>\n<p style=\"text-align: center;\">15:05<\/p>\n<p style=\"text-align: center;\">16:10<\/p>\n<p style=\"text-align: center;\">17:10<\/p>\n<\/div><\/div><div class=\"w-separator size_small\"><\/div><div class=\"wpb_text_column\"><div class=\"wpb_wrapper\"><h4 style=\"text-align: center;\"><strong>S\u00e1bado<\/strong><\/h4>\n<p style=\"text-align: center;\">&#8211;<\/p>\n<\/div><\/div><div class=\"w-separator size_small\"><\/div><div class=\"wpb_text_column\"><div class=\"wpb_wrapper\"><h4 style=\"text-align: center;\"><strong>Domingo<\/strong><\/h4>\n<p style=\"text-align: center;\">&#8211;<\/p>\n<\/div><\/div><\/div><\/div><\/div><\/div><\/div><\/div><\/div><\/section>\n","protected":false},"excerpt":{"rendered":"ITA\u00daNA \/ JUATUBA Segunda \u00e0 Sexta-feira 06:05 07:05 11:50 12:05 13:05 14:05 16:05 17:20 17:50 S\u00e1bado &#8211; Domingo &#8211; JUATUBA \/ ITA\u00daNA Segunda \u00e0 Sexta-feira 06:00 07:20 saindo de Boa Vista 11:05 11:25 13:05 15:05 16:10 17:10 S\u00e1bado &#8211; Domingo &#8211;","protected":false},"author":1,"featured_media":0,"parent":0,"menu_order":0,"comment_status":"closed","ping_status":"closed","template":"","meta":{"_joinchat":[],"footnotes":""},"class_list":["post-135","page","type-page","status-publish","hentry"],"_links":{"self":[{"href":"https:\/\/viacaoitauna.com.br\/index.php?rest_route=\/wp\/v2\/pages\/135","targetHints":{"allow":["GET"]}}],"collection":[{"href":"https:\/\/viacaoitauna.com.br\/index.php?rest_route=\/wp\/v2\/pages"}],"about":[{"href":"https:\/\/viacaoitauna.com.br\/index.php?rest_route=\/wp\/v2\/types\/page"}],"author":[{"embeddable":true,"href":"https:\/\/viacaoitauna.com.br\/index.php?rest_route=\/wp\/v2\/users\/1"}],"replies":[{"embeddable":true,"href":"https:\/\/viacaoitauna.com.br\/index.php?rest_route=%2Fwp%2Fv2%2Fcomments&post=135"}],"version-history":[{"count":8,"href":"https:\/\/viacaoitauna.com.br\/index.php?rest_route=\/wp\/v2\/pages\/135\/revisions"}],"predecessor-version":[{"id":301,"href":"https:\/\/viacaoitauna.com.br\/index.php?rest_route=\/wp\/v2\/pages\/135\/revisions\/301"}],"wp:attachment":[{"href":"https:\/\/viacaoitauna.com.br\/index.php?rest_route=%2Fwp%2Fv2%2Fmedia&parent=135"}],"curies":[{"name":"wp","href":"https:\/\/api.w.org\/{rel}","templated":true}]}}