{"id":137,"date":"2022-11-22T21:21:49","date_gmt":"2022-11-23T00:21:49","guid":{"rendered":"https:\/\/viacaoitauna.com.br\/?page_id=137"},"modified":"2023-01-02T08:41:05","modified_gmt":"2023-01-02T11:41:05","slug":"itauna-boa-vista","status":"publish","type":"page","link":"https:\/\/viacaoitauna.com.br\/?page_id=137","title":{"rendered":"Ita\u00fana &#8211; Boa Vista"},"content":{"rendered":"<section class=\"l-section wpb_row height_medium\"><div class=\"l-section-overlay\" style=\"background:#2b3390\"><\/div><div class=\"l-section-h i-cf\"><div class=\"g-cols via_grid cols_1 laptops-cols_inherit tablets-cols_inherit mobiles-cols_1 valign_top type_default\"><div class=\"wpb_column vc_column_container\"><div class=\"vc_column-inner\"><div class=\"g-cols wpb_row us_custom_5c813148 via_grid cols_1 laptops-cols_inherit tablets-cols_inherit mobiles-cols_1 valign_middle type_default\"><div class=\"wpb_column vc_column_container\"><div class=\"vc_column-inner\"><div class=\"wpb_text_column\"><div class=\"wpb_wrapper\"><h3 style=\"text-align: center;\">ITA\u00daNA \/ BOA VISTA<\/h3>\n<\/div><\/div><\/div><\/div><\/div><div class=\"g-cols wpb_row us_custom_126d5686 via_grid cols_1 laptops-cols_inherit tablets-cols_inherit mobiles-cols_1 valign_top type_default has_text_color\"><div class=\"wpb_column vc_column_container\"><div class=\"vc_column-inner\"><div class=\"w-separator size_small\"><\/div><div class=\"wpb_text_column\"><div class=\"wpb_wrapper\"><h4 style=\"text-align: center;\"><strong>Seg. \u00e0 Sexta<\/strong><\/h4>\n<p style=\"text-align: center;\">06:05<\/p>\n<\/div><\/div><div class=\"w-separator size_small\"><\/div><div class=\"wpb_text_column\"><div class=\"wpb_wrapper\"><h4 style=\"text-align: center;\"><strong>S\u00e1bado<\/strong><\/h4>\n<p style=\"text-align: center;\">06:05<\/p>\n<\/div><\/div><div class=\"w-separator size_small\"><\/div><div class=\"wpb_text_column\"><div class=\"wpb_wrapper\"><h4 style=\"text-align: center;\"><strong>Domingo<\/strong><\/h4>\n<p style=\"text-align: center;\">&#8211;<\/p>\n<\/div><\/div><\/div><\/div><\/div><\/div><\/div><\/div><\/div><\/section><section class=\"l-section wpb_row us_custom_bdc19d7a height_medium\"><div class=\"l-section-h i-cf\"><div class=\"g-cols via_grid cols_1 laptops-cols_inherit tablets-cols_inherit mobiles-cols_1 valign_top type_default\"><div class=\"wpb_column vc_column_container\"><div class=\"vc_column-inner\"><div class=\"g-cols wpb_row us_custom_5c813148 via_grid cols_1 laptops-cols_inherit tablets-cols_inherit mobiles-cols_1 valign_middle type_default\"><div class=\"wpb_column vc_column_container\"><div class=\"vc_column-inner\"><div class=\"wpb_text_column\"><div class=\"wpb_wrapper\"><h3 style=\"text-align: center;\">BOA VISTA \/ ITA\u00daNA<\/h3>\n<\/div><\/div><\/div><\/div><\/div><div class=\"g-cols wpb_row us_custom_126d5686 via_grid cols_1 laptops-cols_inherit tablets-cols_inherit mobiles-cols_1 valign_top type_default has_text_color\"><div class=\"wpb_column vc_column_container\"><div class=\"vc_column-inner\"><div class=\"w-separator size_small\"><\/div><div class=\"wpb_text_column\"><div class=\"wpb_wrapper\"><h4 style=\"text-align: center;\"><strong>Seg. \u00e0 Sexta<\/strong><\/h4>\n<p style=\"text-align: center;\">7:20<\/p>\n<\/div><\/div><div class=\"w-separator size_small\"><\/div><div class=\"wpb_text_column\"><div class=\"wpb_wrapper\"><h4 style=\"text-align: center;\"><strong>S\u00e1bado<\/strong><\/h4>\n<p style=\"text-align: center;\">07:20<\/p>\n<\/div><\/div><div class=\"w-separator size_small\"><\/div><div class=\"wpb_text_column\"><div class=\"wpb_wrapper\"><h4 style=\"text-align: center;\"><strong>Domingo<\/strong><\/h4>\n<p style=\"text-align: center;\">&#8211;<\/p>\n<\/div><\/div><\/div><\/div><\/div><\/div><\/div><\/div><\/div><\/section>\n","protected":false},"excerpt":{"rendered":"ITA\u00daNA \/ BOA VISTA Seg. \u00e0 Sexta 06:05 S\u00e1bado 06:05 Domingo &#8211; BOA VISTA \/ ITA\u00daNA Seg. \u00e0 Sexta 7:20 S\u00e1bado 07:20 Domingo &#8211;","protected":false},"author":1,"featured_media":0,"parent":0,"menu_order":0,"comment_status":"closed","ping_status":"closed","template":"","meta":{"_joinchat":[],"footnotes":""},"class_list":["post-137","page","type-page","status-publish","hentry"],"_links":{"self":[{"href":"https:\/\/viacaoitauna.com.br\/index.php?rest_route=\/wp\/v2\/pages\/137","targetHints":{"allow":["GET"]}}],"collection":[{"href":"https:\/\/viacaoitauna.com.br\/index.php?rest_route=\/wp\/v2\/pages"}],"about":[{"href":"https:\/\/viacaoitauna.com.br\/index.php?rest_route=\/wp\/v2\/types\/page"}],"author":[{"embeddable":true,"href":"https:\/\/viacaoitauna.com.br\/index.php?rest_route=\/wp\/v2\/users\/1"}],"replies":[{"embeddable":true,"href":"https:\/\/viacaoitauna.com.br\/index.php?rest_route=%2Fwp%2Fv2%2Fcomments&post=137"}],"version-history":[{"count":6,"href":"https:\/\/viacaoitauna.com.br\/index.php?rest_route=\/wp\/v2\/pages\/137\/revisions"}],"predecessor-version":[{"id":176,"href":"https:\/\/viacaoitauna.com.br\/index.php?rest_route=\/wp\/v2\/pages\/137\/revisions\/176"}],"wp:attachment":[{"href":"https:\/\/viacaoitauna.com.br\/index.php?rest_route=%2Fwp%2Fv2%2Fmedia&parent=137"}],"curies":[{"name":"wp","href":"https:\/\/api.w.org\/{rel}","templated":true}]}}