{"id":216,"date":"2023-01-25T11:35:58","date_gmt":"2023-01-25T14:35:58","guid":{"rendered":"https:\/\/viacaoitauna.com.br\/?page_id=216"},"modified":"2023-01-25T11:38:07","modified_gmt":"2023-01-25T14:38:07","slug":"fale-conosco","status":"publish","type":"page","link":"https:\/\/viacaoitauna.com.br\/?page_id=216","title":{"rendered":"Fale Conosco"},"content":{"rendered":"<section class=\"l-section wpb_row height_medium\"><div class=\"l-section-h i-cf\"><div class=\"g-cols via_grid cols_1-3 laptops-cols_inherit tablets-cols_inherit mobiles-cols_1 valign_top type_default\"><div class=\"wpb_column vc_column_container\"><div class=\"vc_column-inner\"><div class=\"wpb_text_column\"><div class=\"wpb_wrapper\"><p><strong>Podemos ajudar? Fale Conosco<\/strong><\/p>\n<p>Preencha os campos com os dados solicitados. Sua mensagem ser\u00e1 enviada para o setor respons\u00e1vel dentro da Via\u00e7\u00e3o Ita\u00fana.<\/p>\n<\/div><\/div><div class=\"w-separator size_medium with_line width_default thick_1 style_solid color_border align_center\"><div class=\"w-separator-h\"><\/div><\/div><div class=\"wpb_text_column\"><div class=\"wpb_wrapper\"><p><strong>Trabalhe conosco:<\/strong>\u00a0<a href=\"mailto:dp@viacaoitauna.com.br\"><span style=\"font-weight: 400;\">dp@viacaoitauna.com.br<\/span><\/a><br \/>\n<span style=\"font-weight: 400;\">(37) 3402-5968<\/span><\/p>\n<p><strong>Turismo: <\/strong><a href=\"mailto:turismo@viacaoitauna.com.br\"><span style=\"font-weight: 400;\">turismo@viacaoitauna.com.br<\/span><\/a><br \/>\n(37) 99823-1997<\/p>\n<p><strong>Vale transporte: <\/strong><a href=\"mailto:valetransporte@viacaoitauna.com.br\"><span style=\"font-weight: 400;\">valetransporte@viacaoitauna.com.br<\/span><\/a><br \/>\n<span style=\"font-weight: 400;\">(37) 3402-9656<\/span><\/p>\n<\/div><\/div><\/div><\/div><div class=\"wpb_column vc_column_container\"><div class=\"vc_column-inner\"><form class=\"w-form  layout_ver for_cform us_form_1\" autocomplete=\"off\" action=\"https:\/\/viacaoitauna.com.br\/index.php?rest_route=%2Fwp%2Fv2%2Fpages%2F216\" method=\"post\"><div class=\"w-form-h\"><div class=\"w-form-row for_text\">\r\n\t\t<div class=\"w-form-row-field\">\r\n\t\t\t\t\t\t<input aria-label=\"Nome\" type=\"text\" name=\"us_form_1_text_1\" value placeholder=\"Nome\"\/>\r\n\t\t\t<\/div>\r\n\t\t<div class=\"w-form-row-state\">Preencha esse campo<\/div>\r\n<\/div>\r\n<div class=\"w-form-row for_text required\">\r\n\t\t<div class=\"w-form-row-field\">\r\n\t\t\t\t\t\t<input aria-label=\"Tel:\" type=\"text\" name=\"us_form_1_text_2\" value placeholder=\"Tel: *\" data-required=\"true\" aria-required=\"true\"\/>\r\n\t\t\t<\/div>\r\n\t\t<div class=\"w-form-row-state\">Preencha esse campo<\/div>\r\n<\/div>\r\n<div class=\"w-form-row for_email\">\r\n\t\t<div class=\"w-form-row-field\">\r\n\t\t\t\t\t\t<input aria-label=\"E-mail\" type=\"email\" name=\"us_form_1_email_1\" value placeholder=\"E-mail\"\/>\r\n\t\t\t<\/div>\r\n\t\t<div class=\"w-form-row-state\">Digite um endere\u00e7o de e-mail v\u00e1lido.<\/div>\r\n<\/div>\r\n<div class=\"w-form-row for_textarea\">\r\n\t\t<div class=\"w-form-row-field\">\r\n\t\t\t\t\t\t<textarea aria-label=\"Texto\" name=\"us_form_1_textarea_1\" placeholder=\"Texto\"><\/textarea>\r\n\t\t\t<\/div>\r\n\t\t<div class=\"w-form-row-state\">Preencha esse campo<\/div>\r\n<\/div>\r\n<input type=\"hidden\" name=\"action\" value=\"us_ajax_cform\" \/>\r\n<input type=\"hidden\" name=\"post_id\" value=\"0\" \/>\r\n<input type=\"hidden\" name=\"form_index\" value=\"1\" \/>\r\n<div class=\"w-form-row for_submit align_none\">\r\n\t<div class=\"w-form-row-field\">\r\n\t\t<button class=\"w-btn  us-btn-style_1\" aria-label=\"Enviar\" type=\"submit\">\r\n\t\t\t<span class=\"g-preloader type_1\"><\/span>\r\n\t\t\t\t\t\t<span class=\"w-btn-label\">Enviar<\/span>\r\n\t\t\t\t\t<\/button>\r\n\t<\/div>\r\n<\/div>\r\n<\/div><div class=\"w-form-message\"><\/div><div class=\"w-form-json hidden\" onclick='return {&quot;ajaxurl&quot;:&quot;https:\\\/\\\/viacaoitauna.com.br\\\/wp-admin\\\/admin-ajax.php&quot;}'><\/div><\/form><\/div><\/div><\/div><\/div><\/section>\n","protected":false},"excerpt":{"rendered":"Podemos ajudar? Fale Conosco Preencha os campos com os dados solicitados. Sua mensagem ser\u00e1 enviada para o setor respons\u00e1vel dentro da Via\u00e7\u00e3o Ita\u00fana. Trabalhe conosco:\u00a0dp@viacaoitauna.com.br (37) 3402-5968 Turismo: turismo@viacaoitauna.com.br (37) 99823-1997 Vale transporte: valetransporte@viacaoitauna.com.br (37) 3402-9656 Preencha esse campo Preencha esse campo Digite um endere\u00e7o de e-mail v\u00e1lido. Preencha esse campo Enviar","protected":false},"author":1,"featured_media":0,"parent":0,"menu_order":0,"comment_status":"closed","ping_status":"closed","template":"","meta":{"_joinchat":[],"footnotes":""},"class_list":["post-216","page","type-page","status-publish","hentry"],"_links":{"self":[{"href":"https:\/\/viacaoitauna.com.br\/index.php?rest_route=\/wp\/v2\/pages\/216","targetHints":{"allow":["GET"]}}],"collection":[{"href":"https:\/\/viacaoitauna.com.br\/index.php?rest_route=\/wp\/v2\/pages"}],"about":[{"href":"https:\/\/viacaoitauna.com.br\/index.php?rest_route=\/wp\/v2\/types\/page"}],"author":[{"embeddable":true,"href":"https:\/\/viacaoitauna.com.br\/index.php?rest_route=\/wp\/v2\/users\/1"}],"replies":[{"embeddable":true,"href":"https:\/\/viacaoitauna.com.br\/index.php?rest_route=%2Fwp%2Fv2%2Fcomments&post=216"}],"version-history":[{"count":5,"href":"https:\/\/viacaoitauna.com.br\/index.php?rest_route=\/wp\/v2\/pages\/216\/revisions"}],"predecessor-version":[{"id":221,"href":"https:\/\/viacaoitauna.com.br\/index.php?rest_route=\/wp\/v2\/pages\/216\/revisions\/221"}],"wp:attachment":[{"href":"https:\/\/viacaoitauna.com.br\/index.php?rest_route=%2Fwp%2Fv2%2Fmedia&parent=216"}],"curies":[{"name":"wp","href":"https:\/\/api.w.org\/{rel}","templated":true}]}}