{"id":228,"date":"2023-01-25T11:53:34","date_gmt":"2023-01-25T14:53:34","guid":{"rendered":"https:\/\/viacaoitauna.com.br\/?page_id=228"},"modified":"2023-01-25T12:36:00","modified_gmt":"2023-01-25T15:36:00","slug":"turismo","status":"publish","type":"page","link":"https:\/\/viacaoitauna.com.br\/?page_id=228","title":{"rendered":"Turismo"},"content":{"rendered":"<section class=\"l-section wpb_row height_auto width_full\"><div class=\"l-section-h i-cf\"><div class=\"g-cols via_grid cols_2 laptops-cols_inherit tablets-cols_inherit mobiles-cols_1 valign_middle type_default\" style=\"grid-gap:0rem;\"><div class=\"wpb_column vc_column_container us_custom_54d76458\"><div class=\"vc_column-overlay\" style=\"background:#2b3390\"><\/div><div class=\"vc_column-inner\"><div class=\"w-separator size_large\"><\/div><div class=\"wpb_text_column us_custom_6df4bc3a has_text_color\"><div class=\"wpb_wrapper\"><h2 style=\"text-align: right;\"><strong>Aluguel de \u00f4nibus<br \/>\n<\/strong><strong>para o que precisar!<\/strong><\/h2>\n<\/div><\/div><div class=\"w-separator size_large\"><\/div><\/div><\/div><div class=\"wpb_column vc_column_container us_custom_2ad99fe7\"><div class=\"vc_column-overlay\" style=\"background:#f5f5f5\"><\/div><div class=\"vc_column-inner\"><div class=\"w-separator size_large\"><\/div><div class=\"wpb_text_column\"><div class=\"wpb_wrapper\"><p>Excurs\u00f5es, passeios, viagens de turismo ou de neg\u00f3cios, lazer.<br \/>\nTransportes para eventos e transportes de funcion\u00e1rios.<\/p>\n<p><strong>Desde 1960 transportando vidas!\ud83d\ude8d<br \/>\n<\/strong><\/p>\n<p><a href=\"mailto:turismo@viacaoitauna.com.br\">turismo@viacaoitauna.com.br<\/a><br \/>\n(37) 99823-1997<\/p>\n<\/div><\/div><div class=\"w-separator size_large\"><\/div><\/div><\/div><\/div><\/div><\/section><section class=\"l-section wpb_row height_medium\"><div class=\"l-section-h i-cf\"><div class=\"g-cols via_grid cols_1 laptops-cols_inherit tablets-cols_inherit mobiles-cols_1 valign_top type_default\"><div class=\"wpb_column vc_column_container\"><div class=\"vc_column-inner\"><div class=\"w-image align_center\"><div class=\"w-image-h\"><img loading=\"lazy\" decoding=\"async\" width=\"1000\" height=\"606\" src=\"https:\/\/viacaoitauna.com.br\/wp-content\/uploads\/2023\/01\/onibus.png\" class=\"attachment-full size-full\" alt=\"\" srcset=\"https:\/\/viacaoitauna.com.br\/wp-content\/uploads\/2023\/01\/onibus.png 1000w, https:\/\/viacaoitauna.com.br\/wp-content\/uploads\/2023\/01\/onibus-300x182.png 300w, https:\/\/viacaoitauna.com.br\/wp-content\/uploads\/2023\/01\/onibus-495x300.png 495w, https:\/\/viacaoitauna.com.br\/wp-content\/uploads\/2023\/01\/onibus-600x364.png 600w, https:\/\/viacaoitauna.com.br\/wp-content\/uploads\/2023\/01\/onibus-150x91.png 150w\" sizes=\"auto, (max-width: 1000px) 100vw, 1000px\" \/><\/div><\/div><\/div><\/div><\/div><\/div><\/section>\n","protected":false},"excerpt":{"rendered":"Aluguel de \u00f4nibus para o que precisar! Excurs\u00f5es, passeios, viagens de turismo ou de neg\u00f3cios, lazer. Transportes para eventos e transportes de funcion\u00e1rios. Desde 1960 transportando vidas!\ud83d\ude8d turismo@viacaoitauna.com.br (37) 99823-1997","protected":false},"author":1,"featured_media":0,"parent":0,"menu_order":0,"comment_status":"closed","ping_status":"closed","template":"","meta":{"_joinchat":[],"footnotes":""},"class_list":["post-228","page","type-page","status-publish","hentry"],"_links":{"self":[{"href":"https:\/\/viacaoitauna.com.br\/index.php?rest_route=\/wp\/v2\/pages\/228","targetHints":{"allow":["GET"]}}],"collection":[{"href":"https:\/\/viacaoitauna.com.br\/index.php?rest_route=\/wp\/v2\/pages"}],"about":[{"href":"https:\/\/viacaoitauna.com.br\/index.php?rest_route=\/wp\/v2\/types\/page"}],"author":[{"embeddable":true,"href":"https:\/\/viacaoitauna.com.br\/index.php?rest_route=\/wp\/v2\/users\/1"}],"replies":[{"embeddable":true,"href":"https:\/\/viacaoitauna.com.br\/index.php?rest_route=%2Fwp%2Fv2%2Fcomments&post=228"}],"version-history":[{"count":25,"href":"https:\/\/viacaoitauna.com.br\/index.php?rest_route=\/wp\/v2\/pages\/228\/revisions"}],"predecessor-version":[{"id":260,"href":"https:\/\/viacaoitauna.com.br\/index.php?rest_route=\/wp\/v2\/pages\/228\/revisions\/260"}],"wp:attachment":[{"href":"https:\/\/viacaoitauna.com.br\/index.php?rest_route=%2Fwp%2Fv2%2Fmedia&parent=228"}],"curies":[{"name":"wp","href":"https:\/\/api.w.org\/{rel}","templated":true}]}}